{"id":33586,"date":"2023-05-05T18:47:01","date_gmt":"2023-05-05T21:47:01","guid":{"rendered":"https:\/\/app.pmgacademy.com\/?page_id=33586"},"modified":"2023-12-11T17:41:20","modified_gmt":"2023-12-11T20:41:20","slug":"formacao-itil-4-foundation","status":"publish","type":"page","link":"https:\/\/app.pmgacademy.com\/pt-br\/formacao-itil-4-foundation\/","title":{"rendered":"Forma\u00e7\u00e3o ITIL 4 Foundation"},"content":{"rendered":"\t\t<div data-elementor-type=\"wp-page\" data-elementor-id=\"33586\" class=\"elementor elementor-33586\" data-elementor-post-type=\"page\">\n\t\t\t\t\t\t<section class=\"elementor-section elementor-top-section elementor-element elementor-element-8514073 elementor-section-boxed elementor-section-height-default elementor-section-height-default\" data-id=\"8514073\" data-element_type=\"section\" data-e-type=\"section\">\n\t\t\t\t\t\t<div class=\"elementor-container elementor-column-gap-default\">\n\t\t\t\t\t<div class=\"elementor-column elementor-col-50 elementor-top-column elementor-element elementor-element-e595346\" data-id=\"e595346\" data-element_type=\"column\" data-e-type=\"column\">\n\t\t\t<div class=\"elementor-widget-wrap elementor-element-populated\">\n\t\t\t\t\t\t<div class=\"elementor-element elementor-element-9b1bedb elementor-widget elementor-widget-text-editor\" data-id=\"9b1bedb\" data-element_type=\"widget\" data-e-type=\"widget\" data-widget_type=\"text-editor.default\">\n\t\t\t\t<div class=\"elementor-widget-container\">\n\t\t\t\t\t<div class=\"bb-theme-elementor-wrap bb-elementor-custom-color bb-elementor-custom-size\">\t\t\t\t<p style=\"text-align: center;\">Comece por aqui<\/p>\t\t\t\t<\/div>\t\t\t\t<\/div>\n\t\t\t\t<\/div>\n\t\t\t\t<div class=\"elementor-element elementor-element-912b7df elementor-widget elementor-widget-image\" data-id=\"912b7df\" data-element_type=\"widget\" data-e-type=\"widget\" data-widget_type=\"image.default\">\n\t\t\t\t<div class=\"elementor-widget-container\">\n\t\t\t\t\t\t\t\t\t\t\t\t\t\t\t<img fetchpriority=\"high\" decoding=\"async\" width=\"500\" height=\"500\" src=\"https:\/\/media.app.pmgacademy.com\/wp-content\/uploads\/2022\/02\/15211254\/setavermelha.png\" class=\"attachment-large size-large wp-image-21071\" alt=\"\" srcset=\"https:\/\/media.app.pmgacademy.com\/wp-content\/uploads\/2022\/02\/15211254\/setavermelha.png 500w, https:\/\/media.app.pmgacademy.com\/wp-content\/uploads\/2022\/02\/15211254\/setavermelha-300x300.png 300w, https:\/\/media.app.pmgacademy.com\/wp-content\/uploads\/2022\/02\/15211254\/setavermelha-150x150.png 150w, https:\/\/media.app.pmgacademy.com\/wp-content\/uploads\/2022\/02\/15211254\/setavermelha-100x100.png 100w\" sizes=\"(max-width: 500px) 100vw, 500px\" \/>\t\t\t\t\t\t\t\t\t\t\t\t\t\t\t<\/div>\n\t\t\t\t<\/div>\n\t\t\t\t<div class=\"elementor-element elementor-element-d90d86e elementor-widget elementor-widget-video\" data-id=\"d90d86e\" data-element_type=\"widget\" data-e-type=\"widget\" data-settings=\"{&quot;video_type&quot;:&quot;vimeo&quot;}\" data-widget_type=\"video.default\">\n\t\t\t\t<div class=\"elementor-widget-container\">\n\t\t\t\t\t\t\t<div class=\"elementor-wrapper elementor-open-inline\">\n\t\t\t<iframe class=\"elementor-video-iframe\" allowfullscreen allow=\"clipboard-write\" title=\"Reprodutor de v\u00eddeo vimeo\" src=\"https:\/\/player.vimeo.com\/video\/826671193?color&amp;autopause=0&amp;loop=0&amp;muted=0&amp;title=1&amp;portrait=1&amp;byline=1#t=\"><\/iframe>\t\t<\/div>\n\t\t\t\t\t\t<\/div>\n\t\t\t\t<\/div>\n\t\t\t\t<div class=\"elementor-element elementor-element-ecc2301 elementor-widget elementor-widget-text-editor\" data-id=\"ecc2301\" data-element_type=\"widget\" data-e-type=\"widget\" data-widget_type=\"text-editor.default\">\n\t\t\t\t<div class=\"elementor-widget-container\">\n\t\t\t\t\t<div class=\"bb-theme-elementor-wrap bb-elementor-custom-color bb-elementor-custom-size bb-elementor-custom-line-height\">\t\t\t\t<p><strong>Comece por aqui e entenda:<\/strong><\/p><p>&#8211; Como funciona o Curso<br \/>&#8211; Como estudar<br \/>&#8211; Como obter a Certifica\u00e7\u00e3o<\/p>\t\t\t\t<\/div>\t\t\t\t<\/div>\n\t\t\t\t<\/div>\n\t\t\t\t\t<\/div>\n\t\t<\/div>\n\t\t\t\t<div class=\"elementor-column elementor-col-50 elementor-top-column elementor-element elementor-element-7941749\" data-id=\"7941749\" data-element_type=\"column\" data-e-type=\"column\">\n\t\t\t<div class=\"elementor-widget-wrap elementor-element-populated\">\n\t\t\t\t\t\t<div class=\"elementor-element elementor-element-1ce4862 elementor-widget elementor-widget-heading\" data-id=\"1ce4862\" data-element_type=\"widget\" data-e-type=\"widget\" data-widget_type=\"heading.default\">\n\t\t\t\t<div class=\"elementor-widget-container\">\n\t\t\t\t\t<h2 class=\"elementor-heading-title elementor-size-default\">Forma\u00e7\u00e3o ITIL 4 Foundation<\/h2>\t\t\t\t<\/div>\n\t\t\t\t<\/div>\n\t\t\t\t\t<\/div>\n\t\t<\/div>\n\t\t\t\t\t<\/div>\n\t\t<\/section>\n\t\t\t\t<section class=\"elementor-section elementor-top-section elementor-element elementor-element-9cfcbfd elementor-section-boxed elementor-section-height-default elementor-section-height-default\" data-id=\"9cfcbfd\" data-element_type=\"section\" data-e-type=\"section\">\n\t\t\t\t\t\t<div class=\"elementor-container elementor-column-gap-default\">\n\t\t\t\t\t<div class=\"elementor-column elementor-col-100 elementor-top-column elementor-element elementor-element-39cadc9\" data-id=\"39cadc9\" data-element_type=\"column\" data-e-type=\"column\">\n\t\t\t<div class=\"elementor-widget-wrap elementor-element-populated\">\n\t\t\t\t\t\t<div class=\"elementor-element elementor-element-7d960a1 elementor-widget elementor-widget-heading\" data-id=\"7d960a1\" data-element_type=\"widget\" data-e-type=\"widget\" data-widget_type=\"heading.default\">\n\t\t\t\t<div class=\"elementor-widget-container\">\n\t\t\t\t\t<h2 class=\"elementor-heading-title elementor-size-default\">Forma\u00e7\u00e3o ITIL 4 Foundation<\/h2>\t\t\t\t<\/div>\n\t\t\t\t<\/div>\n\t\t\t\t<div class=\"elementor-element elementor-element-db0d270 elementor-widget elementor-widget-ld-courses\" data-id=\"db0d270\" data-element_type=\"widget\" data-e-type=\"widget\" data-widget_type=\"ld-courses.default\">\n\t\t\t\t<div class=\"elementor-widget-container\">\n\t\t\t\t\t<div id=\"learndash-content\" class=\"learndash-course-list learndash-course-list--elementor learndash-course-list--classic learndash-course-list--featured noPrice noMeta\">\n\t<form data-current_page_url=\"https:\/\/app.pmgacademy.com\/pt-br\/formacao-itil-4-foundation\/\" id=\"bb-courses-directory-form\" class=\"bb-elementor-widget bb-courses-directory\" method=\"get\" action=\"\">\n\n\n\t\t\t\t\t<input type=\"hidden\" name=\"current_page\" value=\"1\">\n\t\t\t<div class=\"flex align-items-center bb-courses-header\">\n\t\t\t\t\t\t\t\t<\/div>\n\t\t\n\t\t<div class=\"ld-secondary-header\">\n\t\t\t<div class=\"bb-secondary-list-tabs flex align-items-center\" id=\"subnav\" aria-label=\"Members directory secondary navigation\" role=\"navigation\">\n\n\t\t\t\t<input type=\"hidden\" id=\"course-order\" name=\"order\" value=\"desc\"\/>\n\t\t\t\t<input type=\"hidden\" id=\"post-per-page\" name=\"posts_per_page\" value=\"14\"\/>\n\t\t\t\t<input type=\"hidden\" id=\"current-page\" name=\"current_page\" value=\"1\"\/>\n\n\t\t\t\t<div class=\"sfwd-courses-filters flex push-right\">\n\t\t\t\t\t<div class=\"select-wrap hide\">\n\t\t\t\t\t\t<select id=\"sfwd_prs-order-by\" name=\"orderby\">\n\t\t\t\t\t\t\t<option value='alphabetical'  selected='selected'>Alphabetical<\/option><option value='recent' >Newly Created<\/option>\t\t\t\t\t\t<\/select>\n\t\t\t\t\t<\/div>\n\n\t\t\t\t\t\t\t\t\t\t\t<input type=\"hidden\" name=\"filter-block-tags\" value=\"132\"\/>\n\t\t\t\t\t\t\t\t\t\t\t\t\t<div class=\"select-wrap active\">\n\t\t\t\t\t\t\t\t\t\t\t\t\t\t\t\t\t<select id=\"sfwd_cats-order-by\" name=\"filter-categories\">\n\t\t\t\t\t\t\t\t\t\t<option value='all'>All Categories<\/option><option value='curso' >Curso<\/option><option value='simulado' >Simulado<\/option>\t\t\t\t\t\t\t\t\t<\/select>\n\t\t\t\t\t\t\t\t\t\t\t\t\t\t\t<\/div>\n\t\t\t\t\t\t\t\n\t\t\t\t\t<div class=\"select-wrap hide\">\n\t\t\t\t\t\t<select id=\"sfwd_instructors-order-by\" name=\"filter-instructors\">\n\t\t\t\t\t\t\t<option value='all'>All Instructors<\/option><option value='1113' >Adriano Martins Antonio<\/option><option value='7575' >Jos\u00e9 Louren\u00e7o De Assis J\u00fanior<\/option><option value='1' >PMG Academy<\/option>\t\t\t\t\t\t<\/select>\n\t\t\t\t\t<\/div>\n\t\t\t\t<\/div>\n\n\t\t\t\t<div class=\"grid-filters hide\" data-view=\"ld-course\">\n\t\t\t\t\t<a href=\"#\" class=\"layout-view layout-view-course layout-grid-view bp-tooltip active\" data-view=\"grid\" data-bp-tooltip-pos=\"up\" data-bp-tooltip=\"Grid View\">\n\t\t\t\t\t\t<i class=\"dashicons dashicons-screenoptions\" aria-hidden=\"true\"><\/i>\n\t\t\t\t\t<\/a>\n\n\t\t\t\t\t<a href=\"#\" class=\"layout-view layout-view-course layout-list-view bp-tooltip \" data-view=\"list\" data-bp-tooltip-pos=\"up\" data-bp-tooltip=\"List View\">\n\t\t\t\t\t\t<i class=\"dashicons dashicons-menu\" aria-hidden=\"true\"><\/i>\n\t\t\t\t\t<\/a>\n\t\t\t\t<\/div>\n\t\t\t<\/div>\n\t\t<\/div>\n\n\t\t<div class=\"grid-view bb-grid grid-box-\">\n\n\t\t\t<div id=\"course-dir-list\" class=\"course-dir-list bs-dir-list columns-4 course-dir-list--media course-dir-list--status\">\n\t\t\t\t\t\t\t\t\t<ul class=\"bb-card-list bb-course-items list-view bb-list hide \" aria-live=\"assertive\" aria-relevant=\"all\">\n\t\t\t\t\t\t\n<li class=\"bb-course-item-wrap\">\n\n\t<div class=\"bb-cover-list-item \">\n\t\t<div class=\"bb-course-cover\">\n\t\t\t<a title=\"Curso Online Oficial ITIL\u00ae 4 Foundation\" href=\"https:\/\/app.pmgacademy.com\/pt-br\/courses\/curso-online-oficial-itil-4-foundation\/\" class=\"bb-cover-wrap\">\n\t\t\t\t<div class=\"ld-status ld-status-incomplete ld-third-background\">Not Enrolled<\/div>\n\t\t\t\t<img decoding=\"async\" width=\"300\" height=\"167\" src=\"https:\/\/media.app.pmgacademy.com\/wp-content\/uploads\/2019\/06\/15204012\/ITIL4F-300x167.jpeg\" class=\"attachment-medium size-medium wp-post-image\" alt=\"\" srcset=\"https:\/\/media.app.pmgacademy.com\/wp-content\/uploads\/2019\/06\/15204012\/ITIL4F-300x167.jpeg 300w, https:\/\/media.app.pmgacademy.com\/wp-content\/uploads\/2019\/06\/15204012\/ITIL4F.jpeg 360w\" sizes=\"(max-width: 300px) 100vw, 300px\" \/>\t\t\t<\/a>\n\t\t<\/div>\n\n\t\t<div class=\"bb-card-course-details bb-card-course-details--noAccess\">\n\t\t\t<div class=\"course-lesson-count\">17 M\u00f3dulos<\/div>\t\t\t<h2 class=\"bb-course-title \">\n\t\t\t\t<a title=\"Curso Online Oficial ITIL\u00ae 4 Foundation\" href=\"https:\/\/app.pmgacademy.com\/pt-br\/courses\/curso-online-oficial-itil-4-foundation\/\">Curso Online Oficial ITIL\u00ae 4 Foundation<\/a>\n\t\t\t<\/h2>\n\n\t\t\t\t\t\t\t<div class=\"bb-course-meta\">\n\t\t<a class=\"item-avatar\" href=\"https:\/\/app.pmgacademy.com\/pt-br\/members\/adrianopmgacademy-coms\/\" class=\"item-avatar\">\n\t\t<img alt='' src='https:\/\/media.app.pmgacademy.com\/wp-content\/uploads\/avatars\/1113\/62ff7ac6bd17b-bpthumb.jpg' srcset='https:\/\/media.app.pmgacademy.com\/wp-content\/uploads\/avatars\/1113\/62ff7ac6bd17b-bpthumb.jpg 2x' class='avatar avatar-80 photo' height='80' width='80' \/>\t<\/a>\n\t<strong>\n\t\t<a href=\"https:\/\/app.pmgacademy.com\/pt-br\/members\/adrianopmgacademy-coms\/\">Adriano Martins Antonio<\/a>\n\t<\/strong>\n<\/div>\n\t\t\t\t\n\t\t\t\n\t\t\t<div class=\"bb-course-excerpt\">\n\t\t\t\t<p>Forma\u00e7\u00e3o: <strong>ITIL\u00ae 4 Foundation<br \/><\/strong>Carga Hor\u00e1ria:<strong> 32 Horas<br \/><\/strong>Preparat\u00f3rio para Certifica\u00e7\u00e3o: <strong>Peoplecert\/Axelos ITIL\u00ae 4 Foundation<\/strong><\/p>\t\t\t<\/div>\n\n\t\t\t\t\t<\/div>\n\t<\/div>\n<\/li>\n\n<li class=\"bb-course-item-wrap\">\n\n\t<div class=\"bb-cover-list-item \">\n\t\t<div class=\"bb-course-cover\">\n\t\t\t<a title=\"Podcast ITIL 4 Foundation\" href=\"https:\/\/app.pmgacademy.com\/pt-br\/courses\/podcast-itil-4-foundation\/\" class=\"bb-cover-wrap\">\n\t\t\t\t<div class=\"ld-status ld-status-incomplete ld-third-background\">Not Enrolled<\/div>\n\t\t\t\t<img decoding=\"async\" width=\"300\" height=\"167\" src=\"https:\/\/media.app.pmgacademy.com\/wp-content\/uploads\/2019\/06\/15204012\/ITIL4F-300x167.jpeg\" class=\"attachment-medium size-medium wp-post-image\" alt=\"\" srcset=\"https:\/\/media.app.pmgacademy.com\/wp-content\/uploads\/2019\/06\/15204012\/ITIL4F-300x167.jpeg 300w, https:\/\/media.app.pmgacademy.com\/wp-content\/uploads\/2019\/06\/15204012\/ITIL4F.jpeg 360w\" sizes=\"(max-width: 300px) 100vw, 300px\" \/>\t\t\t<\/a>\n\t\t<\/div>\n\n\t\t<div class=\"bb-card-course-details bb-card-course-details--noAccess\">\n\t\t\t<div class=\"course-lesson-count\">9 M\u00f3dulos<\/div>\t\t\t<h2 class=\"bb-course-title \">\n\t\t\t\t<a title=\"Podcast ITIL 4 Foundation\" href=\"https:\/\/app.pmgacademy.com\/pt-br\/courses\/podcast-itil-4-foundation\/\">Podcast ITIL 4 Foundation<\/a>\n\t\t\t<\/h2>\n\n\t\t\t\t\t\t\t<div class=\"bb-course-meta\">\n\t\t<a class=\"item-avatar\" href=\"https:\/\/app.pmgacademy.com\/pt-br\/members\/adrianopmgacademy-coms\/\" class=\"item-avatar\">\n\t\t<img alt='' src='https:\/\/media.app.pmgacademy.com\/wp-content\/uploads\/avatars\/1113\/62ff7ac6bd17b-bpthumb.jpg' srcset='https:\/\/media.app.pmgacademy.com\/wp-content\/uploads\/avatars\/1113\/62ff7ac6bd17b-bpthumb.jpg 2x' class='avatar avatar-80 photo' height='80' width='80' \/>\t<\/a>\n\t<strong>\n\t\t<a href=\"https:\/\/app.pmgacademy.com\/pt-br\/members\/adrianopmgacademy-coms\/\">Adriano Martins Antonio<\/a>\n\t<\/strong>\n<\/div>\n\t\t\t\t\n\t\t\t\n\t\t\t<div class=\"bb-course-excerpt\">\n\t\t\t\t<p>Podcast completo preparat\u00f3rio para o exame da ITIL 4 Foundation \u00a0<\/p>\t\t\t<\/div>\n\n\t\t\t\t\t<\/div>\n\t<\/div>\n<\/li>\n\n<li class=\"bb-course-item-wrap\">\n\n\t<div class=\"bb-cover-list-item \">\n\t\t<div class=\"bb-course-cover\">\n\t\t\t<a title=\"Simulado ITIL\u00ae 4 Foundation\" href=\"https:\/\/app.pmgacademy.com\/pt-br\/courses\/simulado-itil-4-foundation\/\" class=\"bb-cover-wrap\">\n\t\t\t\t<div class=\"ld-status ld-status-incomplete ld-third-background\">Not Enrolled<\/div>\n\t\t\t\t<img decoding=\"async\" width=\"300\" height=\"168\" src=\"https:\/\/media.app.pmgacademy.com\/wp-content\/uploads\/2019\/06\/15190616\/COVER-PRIME-Simulado-ITIL%C2%AE-4-Foundation_360x202-px-300x168.png\" class=\"attachment-medium size-medium wp-post-image\" alt=\"\" srcset=\"https:\/\/media.app.pmgacademy.com\/wp-content\/uploads\/2019\/06\/15190616\/COVER-PRIME-Simulado-ITIL%C2%AE-4-Foundation_360x202-px-300x168.png 300w, https:\/\/media.app.pmgacademy.com\/wp-content\/uploads\/2019\/06\/15190616\/COVER-PRIME-Simulado-ITIL%C2%AE-4-Foundation_360x202-px.png 360w\" sizes=\"(max-width: 300px) 100vw, 300px\" \/>\t\t\t<\/a>\n\t\t<\/div>\n\n\t\t<div class=\"bb-card-course-details bb-card-course-details--noAccess\">\n\t\t\t<div class=\"course-lesson-count\">2 M\u00f3dulos<\/div>\t\t\t<h2 class=\"bb-course-title \">\n\t\t\t\t<a title=\"Simulado ITIL\u00ae 4 Foundation\" href=\"https:\/\/app.pmgacademy.com\/pt-br\/courses\/simulado-itil-4-foundation\/\">Simulado ITIL\u00ae 4 Foundation<\/a>\n\t\t\t<\/h2>\n\n\t\t\t\t\t\t\t<div class=\"bb-course-meta\">\n\t\t<a class=\"item-avatar\" href=\"https:\/\/app.pmgacademy.com\/pt-br\/members\/administrator\/\" class=\"item-avatar\">\n\t\t<img alt='' src='https:\/\/media.app.pmgacademy.com\/wp-content\/uploads\/avatars\/1\/61f43db24050e-bpthumb.png' srcset='https:\/\/media.app.pmgacademy.com\/wp-content\/uploads\/avatars\/1\/61f43db24050e-bpthumb.png 2x' class='avatar avatar-80 photo' height='80' width='80' \/>\t<\/a>\n\t<strong>\n\t\t<a href=\"https:\/\/app.pmgacademy.com\/pt-br\/members\/administrator\/\">PMG Academy<\/a>\n\t<\/strong>\n<\/div>\n\t\t\t\t\n\t\t\t\n\t\t\t<div class=\"bb-course-excerpt\">\n\t\t\t\tPreparat\u00f3rio para o exame de certifica\u00e7\u00e3o internacional da Axelos\t\t\t<\/div>\n\n\t\t\t\t\t<\/div>\n\t<\/div>\n<\/li>\n\t\t\t\t\t<\/ul>\n\n\t\t\t\t\t<ul class=\"bb-card-list bb-course-items grid-view bb-grid  \" aria-live=\"assertive\" aria-relevant=\"all\">\n\t\t\t\t\t\t\n<li class=\"bb-course-item-wrap\">\n\n\t<div class=\"bb-cover-list-item \">\n\t\t<div class=\"bb-course-cover\">\n\t\t\t<a title=\"Curso Online Oficial ITIL\u00ae 4 Foundation\" href=\"https:\/\/app.pmgacademy.com\/pt-br\/courses\/curso-online-oficial-itil-4-foundation\/\" class=\"bb-cover-wrap\">\n\t\t\t\t<div class=\"ld-status ld-status-incomplete ld-third-background\">Not Enrolled<\/div>\n\t\t\t\t<img decoding=\"async\" width=\"300\" height=\"167\" src=\"https:\/\/media.app.pmgacademy.com\/wp-content\/uploads\/2019\/06\/15204012\/ITIL4F-300x167.jpeg\" class=\"attachment-medium size-medium wp-post-image\" alt=\"\" srcset=\"https:\/\/media.app.pmgacademy.com\/wp-content\/uploads\/2019\/06\/15204012\/ITIL4F-300x167.jpeg 300w, https:\/\/media.app.pmgacademy.com\/wp-content\/uploads\/2019\/06\/15204012\/ITIL4F.jpeg 360w\" sizes=\"(max-width: 300px) 100vw, 300px\" \/>\t\t\t<\/a>\n\t\t<\/div>\n\n\t\t<div class=\"bb-card-course-details bb-card-course-details--noAccess\">\n\t\t\t<div class=\"course-lesson-count\">17 M\u00f3dulos<\/div>\t\t\t<h2 class=\"bb-course-title \">\n\t\t\t\t<a title=\"Curso Online Oficial ITIL\u00ae 4 Foundation\" href=\"https:\/\/app.pmgacademy.com\/pt-br\/courses\/curso-online-oficial-itil-4-foundation\/\">Curso Online Oficial ITIL\u00ae 4 Foundation<\/a>\n\t\t\t<\/h2>\n\n\t\t\t\t\t\t\t<div class=\"bb-course-meta\">\n\t\t<a class=\"item-avatar\" href=\"https:\/\/app.pmgacademy.com\/pt-br\/members\/adrianopmgacademy-coms\/\" class=\"item-avatar\">\n\t\t<img alt='' src='https:\/\/media.app.pmgacademy.com\/wp-content\/uploads\/avatars\/1113\/62ff7ac6bd17b-bpthumb.jpg' srcset='https:\/\/media.app.pmgacademy.com\/wp-content\/uploads\/avatars\/1113\/62ff7ac6bd17b-bpthumb.jpg 2x' class='avatar avatar-80 photo' height='80' width='80' \/>\t<\/a>\n\t<strong>\n\t\t<a href=\"https:\/\/app.pmgacademy.com\/pt-br\/members\/adrianopmgacademy-coms\/\">Adriano Martins Antonio<\/a>\n\t<\/strong>\n<\/div>\n\t\t\t\t\n\t\t\t\n\t\t\t<div class=\"bb-course-excerpt\">\n\t\t\t\t<p>Forma\u00e7\u00e3o: <strong>ITIL\u00ae 4 Foundation<br \/><\/strong>Carga Hor\u00e1ria:<strong> 32 Horas<br \/><\/strong>Preparat\u00f3rio para Certifica\u00e7\u00e3o: <strong>Peoplecert\/Axelos ITIL\u00ae 4 Foundation<\/strong><\/p>\t\t\t<\/div>\n\n\t\t\t\t\t<\/div>\n\t<\/div>\n<\/li>\n\n<li class=\"bb-course-item-wrap\">\n\n\t<div class=\"bb-cover-list-item \">\n\t\t<div class=\"bb-course-cover\">\n\t\t\t<a title=\"Podcast ITIL 4 Foundation\" href=\"https:\/\/app.pmgacademy.com\/pt-br\/courses\/podcast-itil-4-foundation\/\" class=\"bb-cover-wrap\">\n\t\t\t\t<div class=\"ld-status ld-status-incomplete ld-third-background\">Not Enrolled<\/div>\n\t\t\t\t<img decoding=\"async\" width=\"300\" height=\"167\" src=\"https:\/\/media.app.pmgacademy.com\/wp-content\/uploads\/2019\/06\/15204012\/ITIL4F-300x167.jpeg\" class=\"attachment-medium size-medium wp-post-image\" alt=\"\" srcset=\"https:\/\/media.app.pmgacademy.com\/wp-content\/uploads\/2019\/06\/15204012\/ITIL4F-300x167.jpeg 300w, https:\/\/media.app.pmgacademy.com\/wp-content\/uploads\/2019\/06\/15204012\/ITIL4F.jpeg 360w\" sizes=\"(max-width: 300px) 100vw, 300px\" \/>\t\t\t<\/a>\n\t\t<\/div>\n\n\t\t<div class=\"bb-card-course-details bb-card-course-details--noAccess\">\n\t\t\t<div class=\"course-lesson-count\">9 M\u00f3dulos<\/div>\t\t\t<h2 class=\"bb-course-title \">\n\t\t\t\t<a title=\"Podcast ITIL 4 Foundation\" href=\"https:\/\/app.pmgacademy.com\/pt-br\/courses\/podcast-itil-4-foundation\/\">Podcast ITIL 4 Foundation<\/a>\n\t\t\t<\/h2>\n\n\t\t\t\t\t\t\t<div class=\"bb-course-meta\">\n\t\t<a class=\"item-avatar\" href=\"https:\/\/app.pmgacademy.com\/pt-br\/members\/adrianopmgacademy-coms\/\" class=\"item-avatar\">\n\t\t<img alt='' src='https:\/\/media.app.pmgacademy.com\/wp-content\/uploads\/avatars\/1113\/62ff7ac6bd17b-bpthumb.jpg' srcset='https:\/\/media.app.pmgacademy.com\/wp-content\/uploads\/avatars\/1113\/62ff7ac6bd17b-bpthumb.jpg 2x' class='avatar avatar-80 photo' height='80' width='80' \/>\t<\/a>\n\t<strong>\n\t\t<a href=\"https:\/\/app.pmgacademy.com\/pt-br\/members\/adrianopmgacademy-coms\/\">Adriano Martins Antonio<\/a>\n\t<\/strong>\n<\/div>\n\t\t\t\t\n\t\t\t\n\t\t\t<div class=\"bb-course-excerpt\">\n\t\t\t\t<p>Podcast completo preparat\u00f3rio para o exame da ITIL 4 Foundation \u00a0<\/p>\t\t\t<\/div>\n\n\t\t\t\t\t<\/div>\n\t<\/div>\n<\/li>\n\n<li class=\"bb-course-item-wrap\">\n\n\t<div class=\"bb-cover-list-item \">\n\t\t<div class=\"bb-course-cover\">\n\t\t\t<a title=\"Simulado ITIL\u00ae 4 Foundation\" href=\"https:\/\/app.pmgacademy.com\/pt-br\/courses\/simulado-itil-4-foundation\/\" class=\"bb-cover-wrap\">\n\t\t\t\t<div class=\"ld-status ld-status-incomplete ld-third-background\">Not Enrolled<\/div>\n\t\t\t\t<img decoding=\"async\" width=\"300\" height=\"168\" src=\"https:\/\/media.app.pmgacademy.com\/wp-content\/uploads\/2019\/06\/15190616\/COVER-PRIME-Simulado-ITIL%C2%AE-4-Foundation_360x202-px-300x168.png\" class=\"attachment-medium size-medium wp-post-image\" alt=\"\" srcset=\"https:\/\/media.app.pmgacademy.com\/wp-content\/uploads\/2019\/06\/15190616\/COVER-PRIME-Simulado-ITIL%C2%AE-4-Foundation_360x202-px-300x168.png 300w, https:\/\/media.app.pmgacademy.com\/wp-content\/uploads\/2019\/06\/15190616\/COVER-PRIME-Simulado-ITIL%C2%AE-4-Foundation_360x202-px.png 360w\" sizes=\"(max-width: 300px) 100vw, 300px\" \/>\t\t\t<\/a>\n\t\t<\/div>\n\n\t\t<div class=\"bb-card-course-details bb-card-course-details--noAccess\">\n\t\t\t<div class=\"course-lesson-count\">2 M\u00f3dulos<\/div>\t\t\t<h2 class=\"bb-course-title \">\n\t\t\t\t<a title=\"Simulado ITIL\u00ae 4 Foundation\" href=\"https:\/\/app.pmgacademy.com\/pt-br\/courses\/simulado-itil-4-foundation\/\">Simulado ITIL\u00ae 4 Foundation<\/a>\n\t\t\t<\/h2>\n\n\t\t\t\t\t\t\t<div class=\"bb-course-meta\">\n\t\t<a class=\"item-avatar\" href=\"https:\/\/app.pmgacademy.com\/pt-br\/members\/administrator\/\" class=\"item-avatar\">\n\t\t<img alt='' src='https:\/\/media.app.pmgacademy.com\/wp-content\/uploads\/avatars\/1\/61f43db24050e-bpthumb.png' srcset='https:\/\/media.app.pmgacademy.com\/wp-content\/uploads\/avatars\/1\/61f43db24050e-bpthumb.png 2x' class='avatar avatar-80 photo' height='80' width='80' \/>\t<\/a>\n\t<strong>\n\t\t<a href=\"https:\/\/app.pmgacademy.com\/pt-br\/members\/administrator\/\">PMG Academy<\/a>\n\t<\/strong>\n<\/div>\n\t\t\t\t\n\t\t\t\n\t\t\t<div class=\"bb-course-excerpt\">\n\t\t\t\tPreparat\u00f3rio para o exame de certifica\u00e7\u00e3o internacional da Axelos\t\t\t<\/div>\n\n\t\t\t\t\t<\/div>\n\t<\/div>\n<\/li>\n\t\t\t\t\t<\/ul>\n\t\t\t\t\t\t\t\t\t\t\t\t\t<\/div>\n\t\t<\/div>\n\t<\/form>\n<\/div>\n\t\t\t\t<\/div>\n\t\t\t\t<\/div>\n\t\t\t\t\t<\/div>\n\t\t<\/div>\n\t\t\t\t\t<\/div>\n\t\t<\/section>\n\t\t\t\t<\/div>\n\t\t","protected":false},"excerpt":{"rendered":"<p>Comece por aqui https:\/\/vimeo.com\/826671193 Comece por aqui e entenda: &#8211; Como funciona o Curso&#8211; Como estudar&#8211; Como obter a Certifica\u00e7\u00e3o Forma\u00e7\u00e3o ITIL 4 Foundation Forma\u00e7\u00e3o&hellip;<\/p>\n","protected":false},"author":1,"featured_media":0,"parent":0,"menu_order":0,"comment_status":"closed","ping_status":"closed","template":"","meta":{"footnotes":""},"class_list":["post-33586","page","type-page","status-publish","hentry"],"_links":{"self":[{"href":"https:\/\/app.pmgacademy.com\/pt-br\/wp-json\/wp\/v2\/pages\/33586","targetHints":{"allow":["GET"]}}],"collection":[{"href":"https:\/\/app.pmgacademy.com\/pt-br\/wp-json\/wp\/v2\/pages"}],"about":[{"href":"https:\/\/app.pmgacademy.com\/pt-br\/wp-json\/wp\/v2\/types\/page"}],"author":[{"embeddable":true,"href":"https:\/\/app.pmgacademy.com\/pt-br\/wp-json\/wp\/v2\/users\/1"}],"replies":[{"embeddable":true,"href":"https:\/\/app.pmgacademy.com\/pt-br\/wp-json\/wp\/v2\/comments?post=33586"}],"version-history":[{"count":3,"href":"https:\/\/app.pmgacademy.com\/pt-br\/wp-json\/wp\/v2\/pages\/33586\/revisions"}],"predecessor-version":[{"id":35902,"href":"https:\/\/app.pmgacademy.com\/pt-br\/wp-json\/wp\/v2\/pages\/33586\/revisions\/35902"}],"wp:attachment":[{"href":"https:\/\/app.pmgacademy.com\/pt-br\/wp-json\/wp\/v2\/media?parent=33586"}],"curies":[{"name":"wp","href":"https:\/\/api.w.org\/{rel}","templated":true}]}}