{"id":18461,"date":"2022-01-31T00:03:21","date_gmt":"2022-01-31T00:03:21","guid":{"rendered":"https:\/\/pmgprime.com\/?page_id=18461"},"modified":"2022-01-31T00:05:37","modified_gmt":"2022-01-31T00:05:37","slug":"copyright","status":"publish","type":"page","link":"https:\/\/app.pmgacademy.com\/pt-br\/copyright\/","title":{"rendered":"Copyright"},"content":{"rendered":"\n<p>ITIL\u00ae \u00e9 uma marca comercial registrada de AXELOS Limited, usada sob a permiss\u00e3o da AXELOS Limited. Todos os direitos reservados.<\/p>\n\n\n\n<p>PRINCE2\u00ae \u00e9 uma marca comercial registrada de AXELOS Limited, usada sob a permiss\u00e3o da AXELOS Limited. Todos os direitos reservados.<\/p>\n\n\n\n<p>ITIL\u00ae \u00e9 uma marca registada da AXELOS Limited, utilizada sob autoriza\u00e7\u00e3o da AXELOS Limited. Todos os direitos reservados<\/p>\n\n\n\n<p>The Swirl logo\u2122 is a trade mark of AXELOS Limited, used under permission of AXELOS Limited. All rights reserved<\/p>\n\n\n\n<p>ISACA\u00ae \u00e9 uma marca comercial de Information Systems Audit and Control Association<\/p>\n\n\n\n<p>COBIT\u00ae \u00e9 uma marco comercial de ISACA e IT Governance Institute<\/p>\n","protected":false},"excerpt":{"rendered":"<p>ITIL\u00ae \u00e9 uma marca comercial registrada de AXELOS Limited, usada sob a permiss\u00e3o da AXELOS Limited. Todos os direitos reservados. PRINCE2\u00ae \u00e9 uma marca comercial&hellip;<\/p>\n","protected":false},"author":1113,"featured_media":0,"parent":0,"menu_order":0,"comment_status":"closed","ping_status":"closed","template":"","meta":{"footnotes":""},"class_list":["post-18461","page","type-page","status-publish","hentry"],"_links":{"self":[{"href":"https:\/\/app.pmgacademy.com\/pt-br\/wp-json\/wp\/v2\/pages\/18461","targetHints":{"allow":["GET"]}}],"collection":[{"href":"https:\/\/app.pmgacademy.com\/pt-br\/wp-json\/wp\/v2\/pages"}],"about":[{"href":"https:\/\/app.pmgacademy.com\/pt-br\/wp-json\/wp\/v2\/types\/page"}],"author":[{"embeddable":true,"href":"https:\/\/app.pmgacademy.com\/pt-br\/wp-json\/wp\/v2\/users\/1113"}],"replies":[{"embeddable":true,"href":"https:\/\/app.pmgacademy.com\/pt-br\/wp-json\/wp\/v2\/comments?post=18461"}],"version-history":[{"count":2,"href":"https:\/\/app.pmgacademy.com\/pt-br\/wp-json\/wp\/v2\/pages\/18461\/revisions"}],"predecessor-version":[{"id":18464,"href":"https:\/\/app.pmgacademy.com\/pt-br\/wp-json\/wp\/v2\/pages\/18461\/revisions\/18464"}],"wp:attachment":[{"href":"https:\/\/app.pmgacademy.com\/pt-br\/wp-json\/wp\/v2\/media?parent=18461"}],"curies":[{"name":"wp","href":"https:\/\/api.w.org\/{rel}","templated":true}]}}