{"id":45528,"date":"2024-08-16T21:27:05","date_gmt":"2024-08-17T00:27:05","guid":{"rendered":"https:\/\/app.pmgacademy.com\/mydash\/"},"modified":"2026-03-09T10:38:08","modified_gmt":"2026-03-09T13:38:08","slug":"mydash","status":"publish","type":"page","link":"https:\/\/app.pmgacademy.com\/es\/mydash\/","title":{"rendered":"MyDash Login &#8211; ES"},"content":{"rendered":"\t\t<div data-elementor-type=\"wp-page\" data-elementor-id=\"45528\" class=\"elementor elementor-45528 elementor-38513\" data-elementor-post-type=\"page\">\n\t\t\t\t\t\t<section class=\"elementor-section elementor-top-section elementor-element elementor-element-7f3332b elementor-section-boxed elementor-section-height-default elementor-section-height-default\" data-id=\"7f3332b\" data-element_type=\"section\" data-e-type=\"section\">\n\t\t\t\t\t\t<div class=\"elementor-container elementor-column-gap-default\">\n\t\t\t\t\t<div class=\"elementor-column elementor-col-33 elementor-top-column elementor-element elementor-element-69ac41d\" data-id=\"69ac41d\" data-element_type=\"column\" data-e-type=\"column\">\n\t\t\t<div class=\"elementor-widget-wrap\">\n\t\t\t\t\t\t\t<\/div>\n\t\t<\/div>\n\t\t\t\t<div class=\"elementor-column elementor-col-33 elementor-top-column elementor-element elementor-element-39b456b\" data-id=\"39b456b\" data-element_type=\"column\" data-e-type=\"column\" data-settings=\"{&quot;background_background&quot;:&quot;classic&quot;}\">\n\t\t\t<div class=\"elementor-widget-wrap elementor-element-populated\">\n\t\t\t\t\t\t<div class=\"elementor-element elementor-element-01890b7 elementor-widget elementor-widget-image\" data-id=\"01890b7\" data-element_type=\"widget\" data-e-type=\"widget\" data-widget_type=\"image.default\">\n\t\t\t\t<div class=\"elementor-widget-container\">\n\t\t\t\t\t\t\t\t\t\t\t\t\t\t\t<img decoding=\"async\" width=\"300\" height=\"127\" src=\"https:\/\/media.app.pmgacademy.com\/wp-content\/uploads\/2022\/07\/15185511\/Logo-PMG-Academy-branca.png\" class=\"attachment-medium_large size-medium_large wp-image-41624\" alt=\"\" \/>\t\t\t\t\t\t\t\t\t\t\t\t\t\t\t<\/div>\n\t\t\t\t<\/div>\n\t\t\t\t<div class=\"elementor-element elementor-element-2f29df6 elementor-widget elementor-widget-heading\" data-id=\"2f29df6\" data-element_type=\"widget\" data-e-type=\"widget\" data-widget_type=\"heading.default\">\n\t\t\t\t<div class=\"elementor-widget-container\">\n\t\t\t\t\t<h2 class=\"elementor-heading-title elementor-size-default\">\u00a1Bienvenido de nuevo!<\/h2>\t\t\t\t<\/div>\n\t\t\t\t<\/div>\n\t\t\t\t<div class=\"elementor-element elementor-element-fb017a2 elementor-widget elementor-widget-wpforms\" data-id=\"fb017a2\" data-element_type=\"widget\" data-e-type=\"widget\" data-widget_type=\"wpforms.default\">\n\t\t\t\t<div class=\"elementor-widget-container\">\n\t\t\t\t\t<div class=\"wpforms-container wpforms-container-full\" id=\"wpforms-46312\"><form id=\"wpforms-form-46312\" class=\"wpforms-validate wpforms-form\" data-formid=\"46312\" method=\"post\" enctype=\"multipart\/form-data\" action=\"\/es\/wp-json\/wp\/v2\/pages\/45528\" data-token=\"d1ef2dfc9bf6af6cbee148c49da8b54b\" data-token-time=\"1777709403\"><noscript class=\"wpforms-error-noscript\">Por favor, activa JavaScript en tu navegador para completar este formulario.<\/noscript><div class=\"wpforms-field-container\"><div id=\"wpforms-46312-field_0-container\" class=\"wpforms-field wpforms-field-text\" data-field-id=\"0\"><label class=\"wpforms-field-label\" for=\"wpforms-46312-field_0\"> Introduce tu correo electr\u00f3nico: <span class=\"wpforms-required-label\">*<\/span><\/label><input type=\"text\" id=\"wpforms-46312-field_0\" class=\"wpforms-field-large wpforms-field-required\" name=\"wpforms[fields][0]\" placeholder=\"tu@email.com\" required><\/div><div id=\"wpforms-46312-field_1-container\" class=\"wpforms-field wpforms-field-password\" data-field-id=\"1\"><label class=\"wpforms-field-label\" for=\"wpforms-46312-field_1\">Introduce tu contrase\u00f1a: <span class=\"wpforms-required-label\">*<\/span><\/label><input type=\"password\" id=\"wpforms-46312-field_1\" class=\"wpforms-field-large wpforms-field-required\" name=\"wpforms[fields][1]\" placeholder=\"Contrase\u00f1a\" spellcheck=\"false\" required><\/div><div id=\"wpforms-46312-field_2-container\" class=\"wpforms-field wpforms-field-checkbox\" data-field-id=\"2\"><label class=\"wpforms-field-label wpforms-label-hide\">Recu\u00e9rdame<\/label><ul id=\"wpforms-46312-field_2\"><li class=\"choice-0 depth-1\"><input type=\"checkbox\" id=\"wpforms-46312-field_2_0\" name=\"wpforms[fields][2][]\" value=\"Recu\u00e9rdame\"  ><label class=\"wpforms-field-label-inline\" for=\"wpforms-46312-field_2_0\">Recu\u00e9rdame<\/label><\/li><\/ul><\/div><\/div><!-- .wpforms-field-container --><div class=\"wpforms-submit-container\" ><input type=\"hidden\" name=\"wpforms[id]\" value=\"46312\"><input type=\"hidden\" name=\"page_title\" value=\"\"><input type=\"hidden\" name=\"page_url\" value=\"https:\/\/app.pmgacademy.com\/es\/wp-json\/wp\/v2\/pages\/45528\"><input type=\"hidden\" name=\"url_referer\" value=\"\"><button type=\"submit\" name=\"wpforms[submit]\" id=\"wpforms-submit-46312\" class=\"wpforms-submit\" aria-live=\"assertive\" value=\"wpforms-submit\">Iniciar sesi\u00f3n<\/button><\/div><input type=\"hidden\" id=\"ct_checkjs_wpforms_e70611883d2760c8bbafb4acb29e3446\" name=\"ct_checkjs_wpforms\" value=\"0\" \/><\/form><\/div>  <!-- .wpforms-container -->\t\t\t\t<\/div>\n\t\t\t\t<\/div>\n\t\t\t\t<div class=\"elementor-element elementor-element-41511be elementor-widget-divider--view-line elementor-widget elementor-widget-divider\" data-id=\"41511be\" data-element_type=\"widget\" data-e-type=\"widget\" data-widget_type=\"divider.default\">\n\t\t\t\t<div class=\"elementor-widget-container\">\n\t\t\t\t\t\t\t<div class=\"elementor-divider\">\n\t\t\t<span class=\"elementor-divider-separator\">\n\t\t\t\t\t\t<\/span>\n\t\t<\/div>\n\t\t\t\t\t\t<\/div>\n\t\t\t\t<\/div>\n\t\t\t\t<div class=\"elementor-element elementor-element-d7f3863 elementor-widget elementor-widget-shortcode\" data-id=\"d7f3863\" data-element_type=\"widget\" data-e-type=\"widget\" data-widget_type=\"shortcode.default\">\n\t\t\t\t<div class=\"elementor-widget-container\">\n\t\t\t\t\t\t\t<div class=\"elementor-shortcode\"><div ><div style=\"font-weight:bold\" class=\"the_champ_social_login_title\">Iniciar sesi\u00f3n con tu Red Social<\/div><div class=\"the_champ_login_container\"><ul class=\"the_champ_login_ul\"><li><i class=\"theChampLogin theChampLinkedinBackground theChampLinkedinLogin\" alt=\"Login with Linkedin\" title=\"Login with Linkedin\" onclick=\"theChampInitiateLogin(this, 'linkedin')\" ><ss style=\"display:block\" class=\"theChampLoginSvg theChampLinkedinLoginSvg\"><\/ss><\/i><\/li><li><i id=\"theChampGoogleButton\" class=\"theChampLogin theChampGoogleBackground theChampGoogleLogin\" alt=\"Login with Google\" title=\"Login with Google\" onclick=\"theChampInitiateLogin(this, 'google')\" ><ss style=\"display:block\" class=\"theChampLoginSvg theChampGoogleLoginSvg\"><\/ss><\/i><\/li><\/ul><\/div><\/div><div style=\"clear:both\"><\/div>\n<\/div>\n\t\t\t\t\t\t<\/div>\n\t\t\t\t<\/div>\n\t\t\t\t<section class=\"elementor-section elementor-inner-section elementor-element elementor-element-3ffcdb3 elementor-section-full_width elementor-section-height-default elementor-section-height-default\" data-id=\"3ffcdb3\" data-element_type=\"section\" data-e-type=\"section\">\n\t\t\t\t\t\t<div class=\"elementor-container elementor-column-gap-default\">\n\t\t\t\t\t<div class=\"elementor-column elementor-col-33 elementor-inner-column elementor-element elementor-element-60a5995\" data-id=\"60a5995\" data-element_type=\"column\" data-e-type=\"column\">\n\t\t\t<div class=\"elementor-widget-wrap elementor-element-populated\">\n\t\t\t\t\t\t<div class=\"elementor-element elementor-element-90e54d9 elementor-align-right elementor-mobile-align-center elementor-widget elementor-widget-button\" data-id=\"90e54d9\" data-element_type=\"widget\" data-e-type=\"widget\" data-widget_type=\"button.default\">\n\t\t\t\t<div class=\"elementor-widget-container\">\n\t\t\t\t\t\t\t\t\t<div class=\"elementor-button-wrapper\">\n\t\t\t\t\t<a class=\"elementor-button elementor-button-link elementor-size-sm\" href=\"https:\/\/app.pmgacademy.com\/es\/mydash-register\">\n\t\t\t\t\t\t<span class=\"elementor-button-content-wrapper\">\n\t\t\t\t\t\t\t\t\t<span class=\"elementor-button-text\">Registrarse<\/span>\n\t\t\t\t\t<\/span>\n\t\t\t\t\t<\/a>\n\t\t\t\t<\/div>\n\t\t\t\t\t\t\t\t<\/div>\n\t\t\t\t<\/div>\n\t\t\t\t\t<\/div>\n\t\t<\/div>\n\t\t\t\t<div class=\"elementor-column elementor-col-33 elementor-inner-column elementor-element elementor-element-827368e\" data-id=\"827368e\" data-element_type=\"column\" data-e-type=\"column\">\n\t\t\t<div class=\"elementor-widget-wrap elementor-element-populated\">\n\t\t\t\t\t\t<div class=\"elementor-element elementor-element-b77be14 elementor-widget elementor-widget-text-editor\" data-id=\"b77be14\" data-element_type=\"widget\" data-e-type=\"widget\" data-widget_type=\"text-editor.default\">\n\t\t\t\t<div class=\"elementor-widget-container\">\n\t\t\t\t\t<div class=\"bb-theme-elementor-wrap bb-elementor-custom-color\">\t\t\t\t<p>ou<\/p>\t\t\t\t<\/div>\t\t\t\t<\/div>\n\t\t\t\t<\/div>\n\t\t\t\t\t<\/div>\n\t\t<\/div>\n\t\t\t\t<div class=\"elementor-column elementor-col-33 elementor-inner-column elementor-element elementor-element-df33e7d\" data-id=\"df33e7d\" data-element_type=\"column\" data-e-type=\"column\">\n\t\t\t<div class=\"elementor-widget-wrap elementor-element-populated\">\n\t\t\t\t\t\t<div class=\"elementor-element elementor-element-18a314e elementor-align-left elementor-mobile-align-center elementor-widget elementor-widget-button\" data-id=\"18a314e\" data-element_type=\"widget\" data-e-type=\"widget\" data-widget_type=\"button.default\">\n\t\t\t\t<div class=\"elementor-widget-container\">\n\t\t\t\t\t\t\t\t\t<div class=\"elementor-button-wrapper\">\n\t\t\t\t\t<a class=\"elementor-button elementor-button-link elementor-size-sm\" href=\"https:\/\/app.pmgacademy.com\/es\/mydash-reset\/\">\n\t\t\t\t\t\t<span class=\"elementor-button-content-wrapper\">\n\t\t\t\t\t\t\t\t\t<span class=\"elementor-button-text\">\u00bfHas olvidado tu contrase\u00f1a?<\/span>\n\t\t\t\t\t<\/span>\n\t\t\t\t\t<\/a>\n\t\t\t\t<\/div>\n\t\t\t\t\t\t\t\t<\/div>\n\t\t\t\t<\/div>\n\t\t\t\t\t<\/div>\n\t\t<\/div>\n\t\t\t\t\t<\/div>\n\t\t<\/section>\n\t\t\t\t<div class=\"elementor-element elementor-element-e3f4112 elementor-widget elementor-widget-text-editor\" data-id=\"e3f4112\" data-element_type=\"widget\" data-e-type=\"widget\" data-widget_type=\"text-editor.default\">\n\t\t\t\t<div class=\"elementor-widget-container\">\n\t\t\t\t\t\t\t\t\t<p><a class=\"terms-link popup-modal-login popup-terms\" href=\"https:\/\/www.pmgacademy.com\/es\/terminos-de-uso\/\" target=\"_blank\" rel=\"noopener\">T\u00e9rminos del Servicio<\/a> y <a class=\"privacy-link popup-modal-login popup-privacy\" href=\"https:\/\/www.pmgacademy.com\/es\/politica-de-privacidad\/\" target=\"_blank\" rel=\"noopener\">Pol\u00edtica de Privacidad<\/a><\/p>\t\t\t\t\t\t\t\t<\/div>\n\t\t\t\t<\/div>\n\t\t\t\t\t<\/div>\n\t\t<\/div>\n\t\t\t\t<div class=\"elementor-column elementor-col-33 elementor-top-column elementor-element elementor-element-608bae6\" data-id=\"608bae6\" data-element_type=\"column\" data-e-type=\"column\">\n\t\t\t<div class=\"elementor-widget-wrap\">\n\t\t\t\t\t\t\t<\/div>\n\t\t<\/div>\n\t\t\t\t\t<\/div>\n\t\t<\/section>\n\t\t\t\t<\/div>\n\t\t","protected":false},"excerpt":{"rendered":"<p>\u00a1Bienvenido de nuevo! Ative o JavaScript no seu navegador para preencher este formul\u00e1rio. Introduce tu correo electr\u00f3nico: *Introduce tu contrase\u00f1a: *Recu\u00e9rdame Recu\u00e9rdame Iniciar sesi\u00f3n Registrarse&hellip;<\/p>\n","protected":false},"author":1,"featured_media":0,"parent":0,"menu_order":0,"comment_status":"closed","ping_status":"closed","template":"elementor_canvas","meta":{"footnotes":""},"class_list":["post-45528","page","type-page","status-publish","hentry"],"_links":{"self":[{"href":"https:\/\/app.pmgacademy.com\/es\/wp-json\/wp\/v2\/pages\/45528","targetHints":{"allow":["GET"]}}],"collection":[{"href":"https:\/\/app.pmgacademy.com\/es\/wp-json\/wp\/v2\/pages"}],"about":[{"href":"https:\/\/app.pmgacademy.com\/es\/wp-json\/wp\/v2\/types\/page"}],"author":[{"embeddable":true,"href":"https:\/\/app.pmgacademy.com\/es\/wp-json\/wp\/v2\/users\/1"}],"replies":[{"embeddable":true,"href":"https:\/\/app.pmgacademy.com\/es\/wp-json\/wp\/v2\/comments?post=45528"}],"version-history":[{"count":3,"href":"https:\/\/app.pmgacademy.com\/es\/wp-json\/wp\/v2\/pages\/45528\/revisions"}],"predecessor-version":[{"id":46787,"href":"https:\/\/app.pmgacademy.com\/es\/wp-json\/wp\/v2\/pages\/45528\/revisions\/46787"}],"wp:attachment":[{"href":"https:\/\/app.pmgacademy.com\/es\/wp-json\/wp\/v2\/media?parent=45528"}],"curies":[{"name":"wp","href":"https:\/\/api.w.org\/{rel}","templated":true}]}}